{"id":133,"date":"2011-11-08T15:06:53","date_gmt":"2011-11-08T15:06:53","guid":{"rendered":"http:\/\/www.vfb-bad-lauchstaedt.de\/?page_id=133"},"modified":"2025-12-15T14:03:23","modified_gmt":"2025-12-15T14:03:23","slug":"download-links","status":"publish","type":"page","link":"https:\/\/www.vfb-bad-lauchstaedt.de\/?page_id=133","title":{"rendered":"Downloads"},"content":{"rendered":"\n<p><audio class=\"audio-for-speech\"><\/audio><\/p>\n\n\n\n<div class=\"translate-tooltip-mtz translator-hidden\">\n<div class=\"header\">\n<div class=\"header-controls\">Translator<\/div>\n<div class=\"header-controls\">&nbsp;<\/div>\n<div class=\"header-controls\">&nbsp;<\/div>\n<\/div>\n<div class=\"translated-text\">\n<div class=\"words\">&nbsp;<\/div>\n<div class=\"sentences\">&nbsp;<\/div>\n<\/div>\n<\/div>\n\n\n\n<p><audio class=\"audio-for-speech\"><\/audio><\/p>\n\n\n\n<div class=\"translate-tooltip-mtz translator-hidden\">\n<div class=\"header\">\n<div class=\"header-controls\">Translator<\/div>\n<div class=\"header-controls\">&nbsp;<\/div>\n<div class=\"header-controls\">&nbsp;<\/div>\n<\/div>\n<div class=\"translated-text\">\n<div class=\"words\">&nbsp;<\/div>\n<div class=\"sentences\">&nbsp;<\/div>\n<\/div>\n<\/div>\n\n\n\n<p><audio class=\"audio-for-speech\"><\/audio><\/p>\n\n\n\n<div class=\"translate-tooltip-mtz translator-hidden\">\n<div class=\"header\">\n<div class=\"header-controls\">Translator<\/div>\n<div class=\"header-controls\">&nbsp;<\/div>\n<div class=\"header-controls\">&nbsp;<\/div>\n<\/div>\n<div class=\"translated-text\">\n<div class=\"words\">&nbsp;<\/div>\n<div class=\"sentences\">&nbsp;<\/div>\n<\/div>\n<\/div>\n\n\n\n<p>&nbsp;<\/p>\n\n\n\n<h2 class=\"wp-block-heading\"><strong><em>Formulare<\/em><\/strong><\/h2>\n\n\n\n<figure class=\"wp-block-table aligncenter\"><table class=\"has-fixed-layout\"><tbody><tr><td class=\"has-text-align-center\" data-align=\"center\"><figure><a href=\"https:\/\/vfb-handball.net\/alteLinks\/schadenmeldung_unfall.pdf\"><img loading=\"lazy\" decoding=\"async\" class=\"aligncenter wp-image-6715\" src=\"https:\/\/www.vfb-bad-lauchstaedt.de\/wp-content\/uploads\/2011\/11\/pd.jpg\" alt=\"pd\" width=\"45\" height=\"45\" srcset=\"https:\/\/www.vfb-bad-lauchstaedt.de\/wp-content\/uploads\/2011\/11\/pd.jpg 150w, https:\/\/www.vfb-bad-lauchstaedt.de\/wp-content\/uploads\/2011\/11\/pd-140x140.jpg 140w\" sizes=\"auto, (max-width: 45px) 100vw, 45px\" \/><\/a><\/figure><\/td><td><span style=\"font-family: Verdana; font-size: 16px;\"><strong><span style=\"color: #0000ff;\"><span style=\"color: #888888;\">Unfallmeldung <\/span><br><\/span><\/strong><\/span><\/td><\/tr><tr><td class=\"has-text-align-center\" data-align=\"center\"><figure><a href=\"https:\/\/vfb-handball.net\/alteLinks\/Spielausweis-Antrag.pdf\"><img loading=\"lazy\" decoding=\"async\" class=\"aligncenter wp-image-6715 \" src=\"https:\/\/www.vfb-bad-lauchstaedt.de\/wp-content\/uploads\/2011\/11\/pd.jpg\" alt=\"pd\" width=\"45\" height=\"45\" srcset=\"https:\/\/www.vfb-bad-lauchstaedt.de\/wp-content\/uploads\/2011\/11\/pd.jpg 150w, https:\/\/www.vfb-bad-lauchstaedt.de\/wp-content\/uploads\/2011\/11\/pd-140x140.jpg 140w\" sizes=\"auto, (max-width: 45px) 100vw, 45px\" \/><\/a><\/figure><\/td><td><span style=\"font-family: Verdana; font-size: 16px;\"><strong><span style=\"color: #0000ff;\"><span style=\"color: #888888;\">Spielausweisantrag &#8211; Handball<\/span><br><\/span><\/strong><\/span><\/td><\/tr><tr><td class=\"has-text-align-center\" data-align=\"center\"><figure><a href=\"https:\/\/vfb-handball.net\/alteLinks\/Mitgliedsantrag.pdf\"><img loading=\"lazy\" decoding=\"async\" class=\"aligncenter wp-image-6715\" src=\"https:\/\/www.vfb-bad-lauchstaedt.de\/wp-content\/uploads\/2011\/11\/pd.jpg\" alt=\"pd\" width=\"45\" height=\"45\" srcset=\"https:\/\/www.vfb-bad-lauchstaedt.de\/wp-content\/uploads\/2011\/11\/pd.jpg 150w, https:\/\/www.vfb-bad-lauchstaedt.de\/wp-content\/uploads\/2011\/11\/pd-140x140.jpg 140w\" sizes=\"auto, (max-width: 45px) 100vw, 45px\" \/><\/a><\/figure><\/td><td><span style=\"font-family: Verdana; font-size: 16px;\"><strong><span style=\"color: #0000ff;\"><span style=\"color: #888888;\">VfB-Mitgliedsantrag<\/span><br><\/span><\/strong><\/span><\/td><\/tr><tr><td class=\"has-text-align-center\" data-align=\"center\"><figure><a href=\"https:\/\/www.vfb-bad-lauchstaedt.de\/wp-content\/uploads\/2011\/11\/Satzung-VfB-Bad-Lauchst\u00e4dt2.pdf\"><img loading=\"lazy\" decoding=\"async\" class=\"aligncenter wp-image-6715\" src=\"https:\/\/www.vfb-bad-lauchstaedt.de\/wp-content\/uploads\/2011\/11\/pd.jpg\" alt=\"pd\" width=\"45\" height=\"45\" srcset=\"https:\/\/www.vfb-bad-lauchstaedt.de\/wp-content\/uploads\/2011\/11\/pd.jpg 150w, https:\/\/www.vfb-bad-lauchstaedt.de\/wp-content\/uploads\/2011\/11\/pd-140x140.jpg 140w\" sizes=\"auto, (max-width: 45px) 100vw, 45px\" \/><\/a><\/figure><\/td><td><span style=\"font-family: Verdana; font-size: 16px;\"><strong><span style=\"color: #0000ff;\"><span style=\"color: #888888;\">Satzung VfB Bad Lauchst\u00e4dt<\/span><br><\/span><\/strong><\/span><\/td><\/tr><tr><td class=\"has-text-align-center\" data-align=\"center\"><figure><a href=\"https:\/\/www.vfb-bad-lauchstaedt.de\/wp-content\/uploads\/2025\/12\/Mitgliedsbeitraege_2026.pdf\"><img loading=\"lazy\" decoding=\"async\" class=\"aligncenter wp-image-6715\" src=\"https:\/\/www.vfb-bad-lauchstaedt.de\/wp-content\/uploads\/2011\/11\/pd.jpg\" alt=\"pd\" width=\"45\" height=\"45\" srcset=\"https:\/\/www.vfb-bad-lauchstaedt.de\/wp-content\/uploads\/2011\/11\/pd.jpg 150w, https:\/\/www.vfb-bad-lauchstaedt.de\/wp-content\/uploads\/2011\/11\/pd-140x140.jpg 140w\" sizes=\"auto, (max-width: 45px) 100vw, 45px\" \/><\/a><\/figure><\/td><td><span style=\"font-family: Verdana; font-size: 16px;\"><strong><span style=\"color: #0000ff;\"><span style=\"color: #888888;\">Mitgliedsbeitrag ab 01.01.2026<\/span><br><\/span><\/strong><\/span><\/td><\/tr><\/tbody><\/table><\/figure>\n\n\n\n<p>&nbsp;<\/p>\n\n\n\n<h2 class=\"wp-block-heading\"><strong><em>Hintergrundbilder<\/em><\/strong><\/h2>\n\n\n\n<figure class=\"wp-block-table aligncenter\"><table class=\"has-fixed-layout\"><tbody><tr><td class=\"has-text-align-center\" data-align=\"center\"><figure><a href=\"https:\/\/vfb-handball.net\/alteLinks\/Mannschaftsfoto_Erste_1280.jpg\"><img loading=\"lazy\" decoding=\"async\" class=\"aligncenter wp-image-6716\" src=\"https:\/\/www.vfb-bad-lauchstaedt.de\/wp-content\/uploads\/2011\/11\/pic_jpg-150x150.png\" alt=\"pic_jpg\" width=\"45\" height=\"45\" srcset=\"https:\/\/www.vfb-bad-lauchstaedt.de\/wp-content\/uploads\/2011\/11\/pic_jpg-150x150.png 150w, https:\/\/www.vfb-bad-lauchstaedt.de\/wp-content\/uploads\/2011\/11\/pic_jpg-140x140.png 140w, https:\/\/www.vfb-bad-lauchstaedt.de\/wp-content\/uploads\/2011\/11\/pic_jpg.png 256w\" sizes=\"auto, (max-width: 45px) 100vw, 45px\" \/><\/a><\/figure><\/td><td class=\"has-text-align-right\" data-align=\"right\"><span style=\"font-family: Verdana; font-size: 16px;\"><strong><span style=\"color: #0000ff;\"><span style=\"color: #888888;\">Mannschaftsfoto I.M\u00e4nner 1280<\/span><br><\/span><\/strong><\/span><\/td><\/tr><tr><td class=\"has-text-align-center\" data-align=\"center\"><figure><a href=\"https:\/\/vfb-handball.net\/alteLinks\/Mannschaftsfoto_Erste_1024.jpg\"><img loading=\"lazy\" decoding=\"async\" class=\"aligncenter wp-image-6716\" src=\"https:\/\/www.vfb-bad-lauchstaedt.de\/wp-content\/uploads\/2011\/11\/pic_jpg-150x150.png\" alt=\"pic_jpg\" width=\"45\" height=\"45\" srcset=\"https:\/\/www.vfb-bad-lauchstaedt.de\/wp-content\/uploads\/2011\/11\/pic_jpg-150x150.png 150w, https:\/\/www.vfb-bad-lauchstaedt.de\/wp-content\/uploads\/2011\/11\/pic_jpg-140x140.png 140w, https:\/\/www.vfb-bad-lauchstaedt.de\/wp-content\/uploads\/2011\/11\/pic_jpg.png 256w\" sizes=\"auto, (max-width: 45px) 100vw, 45px\" \/><\/a><\/figure><\/td><td class=\"has-text-align-right\" data-align=\"right\"><span style=\"font-family: Verdana; font-size: 16px;\"><strong><span style=\"color: #0000ff;\"><span style=\"color: #888888;\">Mannschaftsfoto I.M\u00e4nner 1024<\/span><br><\/span><\/strong><\/span><\/td><\/tr><tr><td class=\"has-text-align-center\" data-align=\"center\"><figure><a href=\"https:\/\/vfb-handball.net\/alteLinks\/Mannschaftsfoto_Zweite_1280.jpg\"><img loading=\"lazy\" decoding=\"async\" class=\"aligncenter wp-image-6716\" src=\"https:\/\/www.vfb-bad-lauchstaedt.de\/wp-content\/uploads\/2011\/11\/pic_jpg-150x150.png\" alt=\"pic_jpg\" width=\"45\" height=\"45\" srcset=\"https:\/\/www.vfb-bad-lauchstaedt.de\/wp-content\/uploads\/2011\/11\/pic_jpg-150x150.png 150w, https:\/\/www.vfb-bad-lauchstaedt.de\/wp-content\/uploads\/2011\/11\/pic_jpg-140x140.png 140w, https:\/\/www.vfb-bad-lauchstaedt.de\/wp-content\/uploads\/2011\/11\/pic_jpg.png 256w\" sizes=\"auto, (max-width: 45px) 100vw, 45px\" \/><\/a><\/figure><\/td><td class=\"has-text-align-right\" data-align=\"right\"><span style=\"font-family: Verdana; font-size: 16px;\"><strong><span style=\"color: #0000ff;\"><span style=\"color: #888888;\">Mannschaftsfoto II.M\u00e4nner 1280<\/span><br><\/span><\/strong><\/span><\/td><\/tr><tr><td class=\"has-text-align-center\" data-align=\"center\"><figure><a href=\"https:\/\/vfb-handball.net\/alteLinks\/Mannschaftsfoto_Zweite_1024.jpg\"><img loading=\"lazy\" decoding=\"async\" class=\"aligncenter wp-image-6716\" src=\"https:\/\/www.vfb-bad-lauchstaedt.de\/wp-content\/uploads\/2011\/11\/pic_jpg-150x150.png\" alt=\"pic_jpg\" width=\"45\" height=\"45\" srcset=\"https:\/\/www.vfb-bad-lauchstaedt.de\/wp-content\/uploads\/2011\/11\/pic_jpg-150x150.png 150w, https:\/\/www.vfb-bad-lauchstaedt.de\/wp-content\/uploads\/2011\/11\/pic_jpg-140x140.png 140w, https:\/\/www.vfb-bad-lauchstaedt.de\/wp-content\/uploads\/2011\/11\/pic_jpg.png 256w\" sizes=\"auto, (max-width: 45px) 100vw, 45px\" \/><\/a><\/figure><\/td><td class=\"has-text-align-right\" data-align=\"right\"><span style=\"font-family: Verdana; font-size: 16px;\"><strong><span style=\"color: #0000ff;\"><span style=\"color: #888888;\">Mannschaftsfoto II.M\u00e4nner 1024<\/span><br><\/span><\/strong><\/span><\/td><\/tr><\/tbody><\/table><\/figure>\n\n\n\n<p class=\"has-text-align-left\"><strong><em>Aktion<\/em><\/strong><\/p>\n\n\n<div class=\"wp-block-image\">\n<figure class=\"alignleft\"><a href=\"https:\/\/issuu.com\/indoortrends.de\/docs\/hummel_sport_2017_deu\"><img loading=\"lazy\" decoding=\"async\" width=\"491\" height=\"82\" src=\"https:\/\/www.vfb-bad-lauchstaedt.de\/wp-content\/uploads\/2011\/11\/Hummel_HVSA_SPORT39.gif\" alt=\"Hummel_HVSA_SPORT39\" class=\"wp-image-5225\"\/><\/a><\/figure>\n<\/div>\n\n\n<p class=\"has-text-align-left\"><\/p>\n\n\n\n<p><em><strong>&nbsp;<\/strong><\/em><\/p>\n\n\n\n<p><em><strong>Links<\/strong><\/em><\/p>\n\n\n<div class=\"wp-block-image\">\n<figure class=\"aligncenter\"><a href=\"https:\/\/www.stadt-bad-lauchstaedt.de\" rel=\"noopener\"><img loading=\"lazy\" decoding=\"async\" width=\"1000\" height=\"194\" src=\"https:\/\/www.vfb-bad-lauchstaedt.de\/wp-content\/uploads\/2011\/11\/bl_header.jpg\" alt=\"\" class=\"wp-image-513\" srcset=\"https:\/\/www.vfb-bad-lauchstaedt.de\/wp-content\/uploads\/2011\/11\/bl_header.jpg 1000w, https:\/\/www.vfb-bad-lauchstaedt.de\/wp-content\/uploads\/2011\/11\/bl_header-300x58.jpg 300w\" sizes=\"auto, (max-width: 1000px) 100vw, 1000px\" \/><\/a><figcaption class=\"wp-element-caption\">Stadtverwaltung Goethestadt Bad Lauchst\u00e4dt<\/figcaption><\/figure>\n<\/div>\n\n\n<p class=\"has-text-align-center\"><strong>Diese Webseite wurde mit freundlicher Unterst\u00fctzung<br>von Marcel J\u00e4nicke Software aus Leipzig erstellt. Herzlichen Dank!<\/strong><\/p>\n\n\n\n<figure class=\"wp-block-image\"><a href=\"https:\/\/mj-software.net\" target=\"_blank\" rel=\"attachment wp-att-1484 noopener\"><img decoding=\"async\" src=\"https:\/\/www.vfb-bad-lauchstaedt.de\/wp-content\/uploads\/2013\/01\/mjsoftware-300x48.png\" alt=\"mjsoftware\"\/><\/a><\/figure>\n\n\n\n<p class=\"has-text-align-center\"><\/p>\n\n\n\n<p>&nbsp;<\/p>\n\n\n\n<figure class=\"wp-block-table\"><table class=\"has-fixed-layout\"><tbody><tr><td>Haftungsausschluss:<\/td><td>Bei direkten oder indirekten Verweisen auf fremde Webseiten (&#8222;Hyperlinks&#8220;), die au\u00dferhalb des Verantwortungsbereiches des Autors liegen, w\u00fcrde eine Haftungsverpflichtung ausschlie\u00dflich in dem Fall in Kraft treten, in dem der Autor von den Inhalten Kenntnis hat und es ihm technisch m\u00f6glich und zumutbar w\u00e4re, die Nutzung im Falle rechtswidriger Inhalte zu verhindern. Der Autor erkl\u00e4rt hiermit ausdr\u00fccklich, dass zum Zeitpunkt der Linksetzung keine illegalen Inhalte auf den zu verlinkenden Seiten erkennbar waren. Auf die aktuelle und zuk\u00fcnftige Gestaltung, die Inhalte oder die Urheberschaft der verlinkten\/ verkn\u00fcpften Seiten hat der Autor keinerlei Einfluss. Deshalb distanziert er sich hiermit ausdr\u00fccklich von allen Inhalten aller verlinkten\/verkn\u00fcpften Seiten, die nach der Linksetzung ver\u00e4ndert wurden. Diese Feststellung gilt f\u00fcr alle innerhalb des eigenen Internetangebotes gesetzten Links und Verweise sowie f\u00fcr Fremdeintr\u00e4ge in vom Autor eingerichteten G\u00e4steb\u00fcchern, Diskussionsforen, Linkverzeichnissen, Mailinglisten und in allen anderen Formen von Datenbanken, auf deren Inhalt externe Schreibzugriffe m\u00f6glich sind. F\u00fcr illegale, fehlerhafte oder unvollst\u00e4ndige Inhalte und insbesondere f\u00fcr Sch\u00e4den, die aus der Nutzung oder Nichtnutzung solcherart dargebotener Informationen entstehen, haftet allein der Anbieter der Seite, auf welche verwiesen wurde, nicht derjenige, der \u00fcber Links auf die jeweilige Ver\u00f6ffentlichung lediglich verweist.<\/td><\/tr><\/tbody><\/table><\/figure>\n\n\n\n<p><a href=\"https:\/\/www.buehren-media.de\/shopstart\" target=\"_blank\" rel=\"noopener\">&nbsp;<\/a><\/p>\n\n\n\n<p>&nbsp;<\/p>\n\n\n\n<p>&nbsp;<\/p>\n\n\n\n<p>&nbsp;<\/p>\n","protected":false},"excerpt":{"rendered":"<p>Translator &nbsp; &nbsp; &nbsp; &nbsp; Translator &nbsp; &nbsp; &nbsp; &nbsp; Translator &nbsp; &nbsp; &nbsp; &nbsp; &nbsp; Formulare Unfallmeldung Spielausweisantrag &#8211; Handball VfB-Mitgliedsantrag Satzung VfB Bad Lauchst\u00e4dt Mitgliedsbeitrag ab 01.01.2026 &nbsp; Hintergrundbilder Mannschaftsfoto I.M\u00e4nner 1280 Mannschaftsfoto I.M\u00e4nner 1024 Mannschaftsfoto II.M\u00e4nner 1280 Mannschaftsfoto II.M\u00e4nner 1024 Aktion &nbsp; Links Diese Webseite wurde mit freundlicher Unterst\u00fctzungvon Marcel J\u00e4nicke Software [&hellip;]<\/p>\n","protected":false},"author":2,"featured_media":0,"parent":0,"menu_order":5,"comment_status":"closed","ping_status":"closed","template":"","meta":{"footnotes":""},"class_list":["post-133","page","type-page","status-publish","hentry"],"_links":{"self":[{"href":"https:\/\/www.vfb-bad-lauchstaedt.de\/index.php?rest_route=\/wp\/v2\/pages\/133","targetHints":{"allow":["GET"]}}],"collection":[{"href":"https:\/\/www.vfb-bad-lauchstaedt.de\/index.php?rest_route=\/wp\/v2\/pages"}],"about":[{"href":"https:\/\/www.vfb-bad-lauchstaedt.de\/index.php?rest_route=\/wp\/v2\/types\/page"}],"author":[{"embeddable":true,"href":"https:\/\/www.vfb-bad-lauchstaedt.de\/index.php?rest_route=\/wp\/v2\/users\/2"}],"replies":[{"embeddable":true,"href":"https:\/\/www.vfb-bad-lauchstaedt.de\/index.php?rest_route=%2Fwp%2Fv2%2Fcomments&post=133"}],"version-history":[{"count":69,"href":"https:\/\/www.vfb-bad-lauchstaedt.de\/index.php?rest_route=\/wp\/v2\/pages\/133\/revisions"}],"predecessor-version":[{"id":7090,"href":"https:\/\/www.vfb-bad-lauchstaedt.de\/index.php?rest_route=\/wp\/v2\/pages\/133\/revisions\/7090"}],"wp:attachment":[{"href":"https:\/\/www.vfb-bad-lauchstaedt.de\/index.php?rest_route=%2Fwp%2Fv2%2Fmedia&parent=133"}],"curies":[{"name":"wp","href":"https:\/\/api.w.org\/{rel}","templated":true}]}}